{"id":5091,"date":"2016-05-14T13:06:24","date_gmt":"2016-05-14T11:06:24","guid":{"rendered":"http:\/\/stolydopalet.pl\/o-nas\/"},"modified":"2023-01-10T22:21:18","modified_gmt":"2023-01-10T21:21:18","slug":"ueber-uns","status":"publish","type":"page","link":"https:\/\/palletnailingmachines.com\/de\/ueber-uns\/","title":{"rendered":"\u00dcber uns"},"content":{"rendered":"<p><strong><u>Airfix &#8211; Professionalit\u00e4t, Technologie, individueller Umgang mit dem Kunden<\/u><\/strong><\/p>\n<p><strong>Airfix Sp. K. ist ein f\u00fchrender Hersteller von pneumatischen Tischen f\u00fcr die Palettenproduktion, die von einem Mitarbeiter bedient werden k\u00f6nnen. Das polnische Unternehmen, das auf eine \u00fcber 15-j\u00e4hrige Erfahrung in der Palettenbranche zur\u00fcckblicken kann, st\u00fctzt sich auf drei Grundpfeiler: Know-how, Kenntnis des Holzmarktes und individuelles Eingehen auf die Bed\u00fcrfnisse der Kunden. Um der wachsenden Marktnachfrage gerecht zu werden, bietet Airfix einfache, kosteng\u00fcnstige und vielseitige L\u00f6sungen an, die sich positiv auf die Arbeitseffizienz in Produktionsbetrieben und die Effektivit\u00e4t der Produktion verschiedener Palettentypen auswirken.<\/strong><\/p>\n<p>&nbsp;<\/p>\n<p><strong>Airfix &#8211; die Zukunft der Palettenindustrie<\/strong><\/p>\n<p>Airfix ist die Antwort auf die Bed\u00fcrfnisse unserer Kunden, die seit vielen Jahren Schwierigkeiten haben, qualitativ hochwertige Palettennageltische f\u00fcr die Herstellung von Holzverpackungen in verschiedenen Gr\u00f6\u00dfen zu finden. Wir legen gro\u00dfen Wert auf Funktionalit\u00e4t und durchdachte Technik. Deshalb haben wir 2016 den ersten Prototyp des manuellen Palettennageltisches Pneumatico vorgestellt. Heute ist es unser Vorzeigeprodukt, f\u00fcr das sich Kunden und Auftragnehmer aus der ganzen Welt entschieden haben.<\/p>\n<p><strong>Was zeichnet unsere L\u00f6sung aus? <\/strong><\/p>\n<p><strong>Pneumatico-Tische<\/strong> sind in erster Linie Qualit\u00e4tsprodukte zu einem erschwinglichen Preis. Die durchschnittliche Amortisationszeit f\u00fcr ihre Anschaffung liegt zwischen 6 und 12 Monaten.<\/p>\n<p>Wichtig ist, dass es sich um vielseitige Maschinen handelt, die vollen Bedienungskomfort sowie eine Steigerung der Effizienz der t\u00e4glichen Arbeit in einem Produktionsbetrieb garantieren. F\u00fcr die Herstellung unserer Pneumatico-Tische verwenden wir nur Komponenten h\u00f6chster Qualit\u00e4t, was ihre Zuverl\u00e4ssigkeit und Langlebigkeit best\u00e4tigt. Diese Komponenten werden vollst\u00e4ndig in Europa hergestellt.<\/p>\n<p>Bei Airfix sind wir offen f\u00fcr die unterschiedlichen Bed\u00fcrfnisse unserer Kunden. Deshalb bieten wir die M\u00f6glichkeit, Palettenbiegetische nach Ma\u00df zu fertigen. Als einer der wenigen auf dem Markt sorgen wir daf\u00fcr, dass alle Bestellungen innerhalb k\u00fcrzester Zeit, in der Regel innerhalb von <strong>7 Arbeitstagen<\/strong>, geliefert werden.<\/p>\n<p>Unsere Dienstleistungen werden seit vielen Jahren von verschiedenen Kundengruppen in Anspruch genommen, darunter:<\/p>\n<ul>\n<li><strong>Hersteller von Holzverpackungen<\/strong>, die sowohl eine automatische Palettennagellinie als auch eine Maschine zur Herstellung kurzer Palettenserien f\u00fcr den Kunden ben\u00f6tigen. Dank unserer L\u00f6sung k\u00f6nnen sie ihr Angebot f\u00fcr eine Gruppe von anspruchsvolleren Vertragspartnern erweitern, die verschiedene Arten von Verpackungen exklusiv bei ihnen kaufen;<\/li>\n<li><strong>Hersteller von Fertigerzeugnissen<\/strong>, die Holzverpackungen f\u00fcr den Eigenbedarf herstellen wollen;<\/li>\n<li><strong>Lager- und Logistikzentren<\/strong>, die Holzpaletten in nicht standardisierten Abmessungen f\u00fcr den Versand von Waren in k\u00fcrzester Zeit ben\u00f6tigen. Dies ist eine hervorragende Gelegenheit f\u00fcr sie, sich von den Palettenherstellern unabh\u00e4ngig zu machen und so zu lange Wartezeiten bei Verpackungs- und Versandproblemen zu vermeiden.<\/li>\n<\/ul>\n<p>Kunden aus vielen europ\u00e4ischen L\u00e4ndern, darunter Deutschland, \u00d6sterreich, die Niederlande, Italien, Irland, die Tschechische Republik, die Slowakei, Kroatien, Belgien und Schweden sowie Israel und die Elfenbeink\u00fcste, haben in den letzten Jahren ihr Vertrauen in Airfix gesetzt.<\/p>\n<p><strong>Pneumatico \u2013 von der Idee ZERO WASTE zum Produkt<\/strong><\/p>\n<p>Bei Airfix achten wir seit vielen Jahren darauf, dass die Palettenproduktion unserer Pneumatico-Tische nachhaltig und umweltfreundlich ist. Wir wissen, wie hoch die Holzpreise in den letzten Jahren waren und wie wertvoll der Rohstoff Holz ist. Daher k\u00f6nnen die Pneumatico-Tische im Gegensatz zu automatisierten Anlagen auch Restholz oder unterdimensionierte Holzst\u00fccke f\u00fcr die Verpackung verwenden.\u00a0 Wir sind stolz darauf, zum Schutz der Umwelt beizutragen und eine aktive Rolle bei der Minimierung von Produktionsabf\u00e4llen bei unseren Kunden und Auftraggebern zu spielen.<\/p>\n","protected":false},"excerpt":{"rendered":"<p>Airfix &#8211; Professionalit\u00e4t, Technologie, individueller Umgang mit dem Kunden Airfix Sp. K. ist ein f\u00fchrender Hersteller von pneumatischen Tischen f\u00fcr die Palettenproduktion, die von einem Mitarbeiter bedient werden k\u00f6nnen. Das polnische Unternehmen, das auf eine \u00fcber 15-j\u00e4hrige Erfahrung in der Palettenbranche zur\u00fcckblicken kann, st\u00fctzt sich auf drei Grundpfeiler: Know-how, Kenntnis des Holzmarktes und individuelles Eingehen<a class=\"excerpt-read-more\" href=\"https:\/\/palletnailingmachines.com\/de\/ueber-uns\/\" >&#8230; Czytaj ca\u0142o\u015b\u0107 &raquo;<\/a><\/p>\n","protected":false},"author":1,"featured_media":0,"parent":0,"menu_order":0,"comment_status":"closed","ping_status":"closed","template":"","meta":{"footnotes":""},"yoast_head":"<!-- This site is optimized with the Yoast SEO plugin v21.6 - https:\/\/yoast.com\/wordpress\/plugins\/seo\/ -->\n<title>\u00dcber uns - Maschinen f\u00fcr Palettenherstellung<\/title>\n<meta name=\"robots\" content=\"index, follow, max-snippet:-1, max-image-preview:large, max-video-preview:-1\" \/>\n<link rel=\"canonical\" href=\"https:\/\/palletnailingmachines.com\/about-us\/\" \/>\n<meta property=\"og:locale\" content=\"de_DE\" \/>\n<meta property=\"og:type\" content=\"article\" \/>\n<meta property=\"og:title\" content=\"\u00dcber uns - Maschinen f\u00fcr Palettenherstellung\" \/>\n<meta property=\"og:description\" content=\"Airfix &#8211; Professionalit\u00e4t, Technologie, individueller Umgang mit dem Kunden Airfix Sp. K. ist ein f\u00fchrender Hersteller von pneumatischen Tischen f\u00fcr die Palettenproduktion, die von einem Mitarbeiter bedient werden k\u00f6nnen. Das polnische Unternehmen, das auf eine \u00fcber 15-j\u00e4hrige Erfahrung in der Palettenbranche zur\u00fcckblicken kann, st\u00fctzt sich auf drei Grundpfeiler: Know-how, Kenntnis des Holzmarktes und individuelles Eingehen... Czytaj ca\u0142o\u015b\u0107 &raquo;\" \/>\n<meta property=\"og:url\" content=\"https:\/\/palletnailingmachines.com\/about-us\/\" \/>\n<meta property=\"og:site_name\" content=\"Pallet nailing machines\" \/>\n<meta property=\"article:modified_time\" content=\"2023-01-10T21:21:18+00:00\" \/>\n<meta name=\"twitter:card\" content=\"summary_large_image\" \/>\n<meta name=\"twitter:label1\" content=\"Gesch\u00e4tzte Lesezeit\" \/>\n\t<meta name=\"twitter:data1\" content=\"3\u00a0Minuten\" \/>\n<script type=\"application\/ld+json\" class=\"yoast-schema-graph\">{\"@context\":\"https:\/\/schema.org\",\"@graph\":[{\"@type\":\"WebPage\",\"@id\":\"https:\/\/palletnailingmachines.com\/about-us\/\",\"url\":\"https:\/\/palletnailingmachines.com\/about-us\/\",\"name\":\"\u00dcber uns - Maschinen f\u00fcr Palettenherstellung\",\"isPartOf\":{\"@id\":\"https:\/\/palletnailingmachines.com\/#website\"},\"datePublished\":\"2016-05-14T11:06:24+00:00\",\"dateModified\":\"2023-01-10T21:21:18+00:00\",\"breadcrumb\":{\"@id\":\"https:\/\/palletnailingmachines.com\/about-us\/#breadcrumb\"},\"inLanguage\":\"de\",\"potentialAction\":[{\"@type\":\"ReadAction\",\"target\":[\"https:\/\/palletnailingmachines.com\/about-us\/\"]}]},{\"@type\":\"BreadcrumbList\",\"@id\":\"https:\/\/palletnailingmachines.com\/about-us\/#breadcrumb\",\"itemListElement\":[{\"@type\":\"ListItem\",\"position\":1,\"name\":\"Strona g\u0142\u00f3wna\",\"item\":\"https:\/\/palletnailingmachines.com\/de\/\"},{\"@type\":\"ListItem\",\"position\":2,\"name\":\"\u00dcber uns\"}]},{\"@type\":\"WebSite\",\"@id\":\"https:\/\/palletnailingmachines.com\/#website\",\"url\":\"https:\/\/palletnailingmachines.com\/\",\"name\":\"Pallet nailing machines\",\"description\":\"\",\"potentialAction\":[{\"@type\":\"SearchAction\",\"target\":{\"@type\":\"EntryPoint\",\"urlTemplate\":\"https:\/\/palletnailingmachines.com\/?s={search_term_string}\"},\"query-input\":\"required name=search_term_string\"}],\"inLanguage\":\"de\"}]}<\/script>\n<!-- \/ Yoast SEO plugin. -->","yoast_head_json":{"title":"\u00dcber uns - Maschinen f\u00fcr Palettenherstellung","robots":{"index":"index","follow":"follow","max-snippet":"max-snippet:-1","max-image-preview":"max-image-preview:large","max-video-preview":"max-video-preview:-1"},"canonical":"https:\/\/palletnailingmachines.com\/about-us\/","og_locale":"de_DE","og_type":"article","og_title":"\u00dcber uns - Maschinen f\u00fcr Palettenherstellung","og_description":"Airfix &#8211; Professionalit\u00e4t, Technologie, individueller Umgang mit dem Kunden Airfix Sp. K. ist ein f\u00fchrender Hersteller von pneumatischen Tischen f\u00fcr die Palettenproduktion, die von einem Mitarbeiter bedient werden k\u00f6nnen. Das polnische Unternehmen, das auf eine \u00fcber 15-j\u00e4hrige Erfahrung in der Palettenbranche zur\u00fcckblicken kann, st\u00fctzt sich auf drei Grundpfeiler: Know-how, Kenntnis des Holzmarktes und individuelles Eingehen... Czytaj ca\u0142o\u015b\u0107 &raquo;","og_url":"https:\/\/palletnailingmachines.com\/about-us\/","og_site_name":"Pallet nailing machines","article_modified_time":"2023-01-10T21:21:18+00:00","twitter_card":"summary_large_image","twitter_misc":{"Gesch\u00e4tzte Lesezeit":"3\u00a0Minuten"},"schema":{"@context":"https:\/\/schema.org","@graph":[{"@type":"WebPage","@id":"https:\/\/palletnailingmachines.com\/about-us\/","url":"https:\/\/palletnailingmachines.com\/about-us\/","name":"\u00dcber uns - Maschinen f\u00fcr Palettenherstellung","isPartOf":{"@id":"https:\/\/palletnailingmachines.com\/#website"},"datePublished":"2016-05-14T11:06:24+00:00","dateModified":"2023-01-10T21:21:18+00:00","breadcrumb":{"@id":"https:\/\/palletnailingmachines.com\/about-us\/#breadcrumb"},"inLanguage":"de","potentialAction":[{"@type":"ReadAction","target":["https:\/\/palletnailingmachines.com\/about-us\/"]}]},{"@type":"BreadcrumbList","@id":"https:\/\/palletnailingmachines.com\/about-us\/#breadcrumb","itemListElement":[{"@type":"ListItem","position":1,"name":"Strona g\u0142\u00f3wna","item":"https:\/\/palletnailingmachines.com\/de\/"},{"@type":"ListItem","position":2,"name":"\u00dcber uns"}]},{"@type":"WebSite","@id":"https:\/\/palletnailingmachines.com\/#website","url":"https:\/\/palletnailingmachines.com\/","name":"Pallet nailing machines","description":"","potentialAction":[{"@type":"SearchAction","target":{"@type":"EntryPoint","urlTemplate":"https:\/\/palletnailingmachines.com\/?s={search_term_string}"},"query-input":"required name=search_term_string"}],"inLanguage":"de"}]}},"_links":{"self":[{"href":"https:\/\/palletnailingmachines.com\/de\/wp-json\/wp\/v2\/pages\/5091"}],"collection":[{"href":"https:\/\/palletnailingmachines.com\/de\/wp-json\/wp\/v2\/pages"}],"about":[{"href":"https:\/\/palletnailingmachines.com\/de\/wp-json\/wp\/v2\/types\/page"}],"author":[{"embeddable":true,"href":"https:\/\/palletnailingmachines.com\/de\/wp-json\/wp\/v2\/users\/1"}],"replies":[{"embeddable":true,"href":"https:\/\/palletnailingmachines.com\/de\/wp-json\/wp\/v2\/comments?post=5091"}],"version-history":[{"count":17,"href":"https:\/\/palletnailingmachines.com\/de\/wp-json\/wp\/v2\/pages\/5091\/revisions"}],"predecessor-version":[{"id":9391,"href":"https:\/\/palletnailingmachines.com\/de\/wp-json\/wp\/v2\/pages\/5091\/revisions\/9391"}],"wp:attachment":[{"href":"https:\/\/palletnailingmachines.com\/de\/wp-json\/wp\/v2\/media?parent=5091"}],"curies":[{"name":"wp","href":"https:\/\/api.w.org\/{rel}","templated":true}]}}