{"id":7294,"date":"2016-05-14T13:06:24","date_gmt":"2016-05-14T11:06:24","guid":{"rendered":"https:\/\/palletnailingmachines.com\/about-us\/"},"modified":"2026-04-27T14:17:01","modified_gmt":"2026-04-27T12:17:01","slug":"om-oss","status":"publish","type":"page","link":"https:\/\/palletnailingmachines.com\/sv\/om-oss\/","title":{"rendered":"Om oss"},"content":{"rendered":"<p><strong><u>Airfix \u2013 professionalism, teknik, individuellt kundbem\u00f6tande<\/u><\/strong><\/p>\n<p><strong>Airfix Sp. K. \u00e4r en ledande tillverkare av pneumatiska bord f\u00f6r tillverkning av lastpallar som kan betj\u00e4nas av en person. Det polska f\u00f6retaget med \u00f6ver 15 \u00e5rs erfarenhet i lastpallsbranschen grundades p\u00e5 tre grundstenar: fackkunskap, kunskap om tr\u00e4marknaden och individuell inst\u00e4llning till kundbehov. F\u00f6r att tillm\u00f6tesg\u00e5 den \u00f6kande efterfr\u00e5gan p\u00e5 marknaden erbjuder Airfix enkla, kostnadseffektiva och universella l\u00f6sningar som positivt inverkar p\u00e5 arbetseffektiviteten p\u00e5 tillverkningsanl\u00e4ggningar och produktionskapaciteten vid tillverkning av olika sorters lastpallar.<\/strong><\/p>\n<p><strong>\u00a0<\/strong><br \/>\n<strong>Airfix &#8211; vi konstruerar pallbranschens framtid<\/strong><\/p>\n<p>Airfix \u00e4r ett svar p\u00e5 behov av de kunder som sedan m\u00e5nga \u00e5r tillbaka haft problem med att hitta kvalitativa bord f\u00f6r pallspikning som m\u00f6jligg\u00f6r tillverkning av tr\u00e4emballage i olika storlekar. V\u00e5ra prioriteringar \u00e4r\u00a0<strong>funktionalitet\u00a0<\/strong>och<strong>\u00a0genomt\u00e4nkt teknik<\/strong> varf\u00f6r vi \u00e5r 2016 lanserade p\u00e5 marknaden den f\u00f6rsta prototypen av <strong>Pneumatico<\/strong>-bord f\u00f6r manuell pallspikning. Idag \u00e4r det v\u00e5r flaggprodukt som g\u00e4rna v\u00e4ljs av kunder och samarbetspartners fr\u00e5n hela v\u00e4rlden.<\/p>\n<p><strong>\u00a0<\/strong><\/p>\n<p><strong>Vad urskiljer v\u00e5r l\u00f6sning?<\/strong><\/p>\n<p><strong>Pneumatico<\/strong>-bord \u00e4r framf\u00f6r allt h\u00f6gkvalitativa produkter till ett \u00f6verkomligt pris. Den genomsnittliga \u00e5terbetalningstiden f\u00f6r k\u00f6pet uppg\u00e5r till fr\u00e5n 6 till 12 m\u00e5nader.<\/p>\n<p>Det viktiga \u00e4r att det \u00e4r universella maskiner som garanterar full anv\u00e4ndarkomfort och \u00f6kad daglig produktionseffektivitet i en tillverkningsanl\u00e4ggning. V\u00e5ra Pneumatico-bord konstrueras endast av komponenter av h\u00f6gsta kvalitet vilket bekr\u00e4ftas av deras tillf\u00f6rlitlighet och h\u00e5llbarhet. Komponenterna tillverkas i sin helhet i Europa.<\/p>\n<p>Vi p\u00e5 Airfix \u00e4r \u00f6ppna f\u00f6r varierande kundbehov och d\u00e4rf\u00f6r erbjuder vi m\u00f6jligheten att tillverka bord f\u00f6r pallspikning p\u00e5 individuell best\u00e4llning. Som ett av de f\u00e5 f\u00f6retag p\u00e5 marknaden ser vi till att best\u00e4llningarna genomf\u00f6rs p\u00e5 kortaste m\u00f6jliga tid som oftast uppg\u00e5r till <strong><u>7 arbetsdagar<\/u><\/strong>.<\/p>\n<p>V\u00e5ra kundgrupper utg\u00f6rs av akt\u00f6rer inom olika branscher, bl.a.:<\/p>\n<ul>\n<li><strong>tillverkare av tr\u00e4emballage<\/strong> som beh\u00f6ver b\u00e5de en automatisk anl\u00e4ggning f\u00f6r pallspikning samt en maskin f\u00f6r tillverkning av korta pallserier f\u00f6r kunder. Tack vare v\u00e5r l\u00f6sning kan de ut\u00f6ka sin produktportf\u00f6lj till att omfatta mera kr\u00e4vande kunder som best\u00e4ller olika f\u00f6rpackningar endast hos dem;<\/li>\n<li><strong>f\u00e4rdigvarutillverkare<\/strong> som vill producera tr\u00e4f\u00f6rpackningar endast f\u00f6r eget bruk;<\/li>\n<li><strong>lager- och logistikcentra<\/strong> som p\u00e5 kort tid beh\u00f6ver tr\u00e4pallar med icke-standard m\u00e5tt f\u00f6r en snabb utskeppning av varor. F\u00f6r dem \u00e4r det ett perfekt tillf\u00e4lle att bli oberoende av palltillverkare och undvika f\u00f6r l\u00e5nga v\u00e4ntetider p\u00e5 f\u00f6rpackningar och problem med utskeppning av varor.<\/li>\n<\/ul>\n<p>Under de senaste \u00e5ren har vi f\u00e5tt f\u00f6rtroende fr\u00e5n kunder fr\u00e5n m\u00e5nga europeiska l\u00e4nder, bl.a. Tyskland, \u00d6sterrike, Holland, Italien, Irland, Tjeckien, Slovakien, Kroatien, Belgien och Sverige samt fr\u00e5n Israel eller Elfenbenskusten.<\/p>\n<p>&nbsp;<\/p>\n<p><strong>Pneumatico \u2013 tillverkning efter\u00a0<em>zero waste <\/em>principen<\/strong><\/p>\n<p>Vi p\u00e5 Airfix ser till att palltillverkning p\u00e5 v\u00e5ra Pneumatico-bord sker p\u00e5 ett h\u00e5llbart och milj\u00f6v\u00e4nligt s\u00e4tt. Vi \u00e4r medvetna om de h\u00f6ga tr\u00e4priserna under de senaste \u00e5ren samt hur pass v\u00e4rdefull r\u00e5vara tr\u00e4t \u00e4r. D\u00e4rf\u00f6r, till skillnad fr\u00e5n automatiserade anl\u00e4ggningar, kan defekta eller underdimensionerade tr\u00e4bitar utnyttjas f\u00f6r tillverkning av emballage p\u00e5 Pneumatico-bord. Vi \u00e4r stolta \u00f6ver att vi aktivt kan bidra till milj\u00f6skydd och reducering av produktionsavfall p\u00e5 v\u00e5ra kunders anl\u00e4ggningar.<\/p>\n<p>&nbsp;<\/p>\n<p data-pos=\"4567\"><strong data-pos=\"4569\">Export utan hinder \u2013 vi tillhandah\u00e5ller EUR.1-dokument f\u00f6r v\u00e5ra maskiner PT-1900, PT-2800, PT-3300, WT-1, WT-2<\/strong><\/p>\n<table style=\"width: 100%; border-collapse: collapse;\">\n<tbody>\n<tr>\n<td style=\"width: 320px; vertical-align: middle; padding: 10px;\">\n<p><div id=\"attachment_11858\" style=\"width: 310px\" class=\"wp-caption alignnone\"><img loading=\"lazy\" decoding=\"async\" aria-describedby=\"caption-attachment-11858\" class=\"size-medium wp-image-11858\" src=\"https:\/\/palletnailingmachines.com\/wp-content\/uploads\/2026\/04\/ChatGPT-Image-27-kwi-2026-13_47_17-300x225.png\" alt=\"EUR.1\" width=\"300\" height=\"225\" srcset=\"https:\/\/palletnailingmachines.com\/wp-content\/uploads\/2026\/04\/ChatGPT-Image-27-kwi-2026-13_47_17-300x225.png 300w, https:\/\/palletnailingmachines.com\/wp-content\/uploads\/2026\/04\/ChatGPT-Image-27-kwi-2026-13_47_17-1024x768.png 1024w, https:\/\/palletnailingmachines.com\/wp-content\/uploads\/2026\/04\/ChatGPT-Image-27-kwi-2026-13_47_17-768x576.png 768w, https:\/\/palletnailingmachines.com\/wp-content\/uploads\/2026\/04\/ChatGPT-Image-27-kwi-2026-13_47_17.png 1448w\" sizes=\"(max-width: 300px) 100vw, 300px\" \/><p id=\"caption-attachment-11858\" class=\"wp-caption-text\">EUR.1<\/p><\/div><\/td>\n<td style=\"vertical-align: middle; padding: 10px;\">\n<p data-pos=\"4683\">N\u00e4r vi erbjuder v\u00e5ra maskiner p\u00e5 utl\u00e4ndska marknader tillhandah\u00e5ller vi <strong data-pos=\"4757\">fullst\u00e4ndigt exportst\u00f6d<\/strong> \u2013 inklusive utf\u00e4rdande av <strong data-pos=\"4811\">EUR.1-dokumentet<\/strong>, som har stor betydelse inom internationell handel.<\/p>\n<p data-pos=\"4883\"><strong data-pos=\"4885\">EUR.1-certifikatet<\/strong> bekr\u00e4ftar varornas ursprung inom EU och g\u00f6r det m\u00f6jligt f\u00f6r import\u00f6ren att dra nytta av <strong data-pos=\"4996\">f\u00f6rm\u00e5nliga tullsatser<\/strong> eller <strong data-pos=\"5028\">fullst\u00e4ndig tullbefrielse<\/strong>. I praktiken inneb\u00e4r detta <strong data-pos=\"5085\">verkliga besparingar<\/strong> och <strong data-pos=\"5114\">\u00f6kad konkurrenskraft f\u00f6r v\u00e5rt erbjudande p\u00e5 utl\u00e4ndska marknader<\/strong>.<\/p>\n<p data-pos=\"5182\">I m\u00e5nga l\u00e4nder \u2013 s\u00e4rskilt i handelsrelationer med l\u00e4nder utanf\u00f6r EU \u2013 \u00e4r <strong data-pos=\"5257\">EUR.1-dokumentet<\/strong> inte bara en viktig f\u00f6rdel, utan ofta en <strong data-pos=\"5319\">n\u00f6dv\u00e4ndig f\u00f6ruts\u00e4ttning f\u00f6r samarbete<\/strong>. D\u00e4rf\u00f6r ser vi till att v\u00e5ra kunder f\u00e5r komplett dokumentation som uppfyller alla formella krav.<\/p>\n<p data-pos=\"5457\">Genom att v\u00e4lja v\u00e5ra maskiner f\u00e5r du d\u00e4rf\u00f6r inte bara h\u00f6g kvalitet, utan \u00e4ven <strong data-pos=\"5537\">enklare och mer l\u00f6nsam export<\/strong>.<\/p>\n<\/td>\n<\/tr>\n<\/tbody>\n<\/table>\n","protected":false},"excerpt":{"rendered":"<p>Airfix \u2013 professionalism, teknik, individuellt kundbem\u00f6tande Airfix Sp. K. \u00e4r en ledande tillverkare av pneumatiska bord f\u00f6r tillverkning av lastpallar som kan betj\u00e4nas av en person. Det polska f\u00f6retaget med \u00f6ver 15 \u00e5rs erfarenhet i lastpallsbranschen grundades p\u00e5 tre grundstenar: fackkunskap, kunskap om tr\u00e4marknaden och individuell inst\u00e4llning till kundbehov. F\u00f6r att tillm\u00f6tesg\u00e5 den \u00f6kande efterfr\u00e5gan<a class=\"excerpt-read-more\" href=\"https:\/\/palletnailingmachines.com\/sv\/om-oss\/\" >&#8230; Czytaj ca\u0142o\u015b\u0107 &raquo;<\/a><\/p>\n","protected":false},"author":1,"featured_media":0,"parent":0,"menu_order":0,"comment_status":"closed","ping_status":"closed","template":"","meta":{"footnotes":""},"yoast_head":"<!-- This site is optimized with the Yoast SEO plugin v21.6 - https:\/\/yoast.com\/wordpress\/plugins\/seo\/ -->\n<title>Om oss - Maskiner f\u00f6r palltillverkning<\/title>\n<meta name=\"robots\" content=\"index, follow, max-snippet:-1, max-image-preview:large, max-video-preview:-1\" \/>\n<link rel=\"canonical\" href=\"https:\/\/palletnailingmachines.com\/sv\/om-oss\/\" \/>\n<meta property=\"og:locale\" content=\"sv_SE\" \/>\n<meta property=\"og:type\" content=\"article\" \/>\n<meta property=\"og:title\" content=\"Om oss - Maskiner f\u00f6r palltillverkning\" \/>\n<meta property=\"og:description\" content=\"Airfix \u2013 professionalism, teknik, individuellt kundbem\u00f6tande Airfix Sp. K. \u00e4r en ledande tillverkare av pneumatiska bord f\u00f6r tillverkning av lastpallar som kan betj\u00e4nas av en person. Det polska f\u00f6retaget med \u00f6ver 15 \u00e5rs erfarenhet i lastpallsbranschen grundades p\u00e5 tre grundstenar: fackkunskap, kunskap om tr\u00e4marknaden och individuell inst\u00e4llning till kundbehov. F\u00f6r att tillm\u00f6tesg\u00e5 den \u00f6kande efterfr\u00e5gan... Czytaj ca\u0142o\u015b\u0107 &raquo;\" \/>\n<meta property=\"og:url\" content=\"https:\/\/palletnailingmachines.com\/sv\/om-oss\/\" \/>\n<meta property=\"og:site_name\" content=\"Pallet nailing machines\" \/>\n<meta property=\"article:modified_time\" content=\"2026-04-27T12:17:01+00:00\" \/>\n<meta property=\"og:image\" content=\"https:\/\/palletnailingmachines.com\/wp-content\/uploads\/2026\/04\/ChatGPT-Image-27-kwi-2026-13_47_17-300x225.png\" \/>\n<meta name=\"twitter:card\" content=\"summary_large_image\" \/>\n<meta name=\"twitter:label1\" content=\"Ber\u00e4knad l\u00e4stid\" \/>\n\t<meta name=\"twitter:data1\" content=\"3 minuter\" \/>\n<script type=\"application\/ld+json\" class=\"yoast-schema-graph\">{\"@context\":\"https:\/\/schema.org\",\"@graph\":[{\"@type\":\"WebPage\",\"@id\":\"https:\/\/palletnailingmachines.com\/sv\/om-oss\/\",\"url\":\"https:\/\/palletnailingmachines.com\/sv\/om-oss\/\",\"name\":\"Om oss - Maskiner f\u00f6r palltillverkning\",\"isPartOf\":{\"@id\":\"https:\/\/palletnailingmachines.com\/#website\"},\"datePublished\":\"2016-05-14T11:06:24+00:00\",\"dateModified\":\"2026-04-27T12:17:01+00:00\",\"breadcrumb\":{\"@id\":\"https:\/\/palletnailingmachines.com\/sv\/om-oss\/#breadcrumb\"},\"inLanguage\":\"sv-SE\",\"potentialAction\":[{\"@type\":\"ReadAction\",\"target\":[\"https:\/\/palletnailingmachines.com\/sv\/om-oss\/\"]}]},{\"@type\":\"BreadcrumbList\",\"@id\":\"https:\/\/palletnailingmachines.com\/sv\/om-oss\/#breadcrumb\",\"itemListElement\":[{\"@type\":\"ListItem\",\"position\":1,\"name\":\"Strona g\u0142\u00f3wna\",\"item\":\"https:\/\/palletnailingmachines.com\/sv\/\"},{\"@type\":\"ListItem\",\"position\":2,\"name\":\"Om oss\"}]},{\"@type\":\"WebSite\",\"@id\":\"https:\/\/palletnailingmachines.com\/#website\",\"url\":\"https:\/\/palletnailingmachines.com\/\",\"name\":\"Pallet nailing machines\",\"description\":\"\",\"potentialAction\":[{\"@type\":\"SearchAction\",\"target\":{\"@type\":\"EntryPoint\",\"urlTemplate\":\"https:\/\/palletnailingmachines.com\/?s={search_term_string}\"},\"query-input\":\"required name=search_term_string\"}],\"inLanguage\":\"sv-SE\"}]}<\/script>\n<!-- \/ Yoast SEO plugin. -->","yoast_head_json":{"title":"Om oss - Maskiner f\u00f6r palltillverkning","robots":{"index":"index","follow":"follow","max-snippet":"max-snippet:-1","max-image-preview":"max-image-preview:large","max-video-preview":"max-video-preview:-1"},"canonical":"https:\/\/palletnailingmachines.com\/sv\/om-oss\/","og_locale":"sv_SE","og_type":"article","og_title":"Om oss - Maskiner f\u00f6r palltillverkning","og_description":"Airfix \u2013 professionalism, teknik, individuellt kundbem\u00f6tande Airfix Sp. K. \u00e4r en ledande tillverkare av pneumatiska bord f\u00f6r tillverkning av lastpallar som kan betj\u00e4nas av en person. Det polska f\u00f6retaget med \u00f6ver 15 \u00e5rs erfarenhet i lastpallsbranschen grundades p\u00e5 tre grundstenar: fackkunskap, kunskap om tr\u00e4marknaden och individuell inst\u00e4llning till kundbehov. F\u00f6r att tillm\u00f6tesg\u00e5 den \u00f6kande efterfr\u00e5gan... Czytaj ca\u0142o\u015b\u0107 &raquo;","og_url":"https:\/\/palletnailingmachines.com\/sv\/om-oss\/","og_site_name":"Pallet nailing machines","article_modified_time":"2026-04-27T12:17:01+00:00","og_image":[{"url":"https:\/\/palletnailingmachines.com\/wp-content\/uploads\/2026\/04\/ChatGPT-Image-27-kwi-2026-13_47_17-300x225.png"}],"twitter_card":"summary_large_image","twitter_misc":{"Ber\u00e4knad l\u00e4stid":"3 minuter"},"schema":{"@context":"https:\/\/schema.org","@graph":[{"@type":"WebPage","@id":"https:\/\/palletnailingmachines.com\/sv\/om-oss\/","url":"https:\/\/palletnailingmachines.com\/sv\/om-oss\/","name":"Om oss - Maskiner f\u00f6r palltillverkning","isPartOf":{"@id":"https:\/\/palletnailingmachines.com\/#website"},"datePublished":"2016-05-14T11:06:24+00:00","dateModified":"2026-04-27T12:17:01+00:00","breadcrumb":{"@id":"https:\/\/palletnailingmachines.com\/sv\/om-oss\/#breadcrumb"},"inLanguage":"sv-SE","potentialAction":[{"@type":"ReadAction","target":["https:\/\/palletnailingmachines.com\/sv\/om-oss\/"]}]},{"@type":"BreadcrumbList","@id":"https:\/\/palletnailingmachines.com\/sv\/om-oss\/#breadcrumb","itemListElement":[{"@type":"ListItem","position":1,"name":"Strona g\u0142\u00f3wna","item":"https:\/\/palletnailingmachines.com\/sv\/"},{"@type":"ListItem","position":2,"name":"Om oss"}]},{"@type":"WebSite","@id":"https:\/\/palletnailingmachines.com\/#website","url":"https:\/\/palletnailingmachines.com\/","name":"Pallet nailing machines","description":"","potentialAction":[{"@type":"SearchAction","target":{"@type":"EntryPoint","urlTemplate":"https:\/\/palletnailingmachines.com\/?s={search_term_string}"},"query-input":"required name=search_term_string"}],"inLanguage":"sv-SE"}]}},"_links":{"self":[{"href":"https:\/\/palletnailingmachines.com\/sv\/wp-json\/wp\/v2\/pages\/7294"}],"collection":[{"href":"https:\/\/palletnailingmachines.com\/sv\/wp-json\/wp\/v2\/pages"}],"about":[{"href":"https:\/\/palletnailingmachines.com\/sv\/wp-json\/wp\/v2\/types\/page"}],"author":[{"embeddable":true,"href":"https:\/\/palletnailingmachines.com\/sv\/wp-json\/wp\/v2\/users\/1"}],"replies":[{"embeddable":true,"href":"https:\/\/palletnailingmachines.com\/sv\/wp-json\/wp\/v2\/comments?post=7294"}],"version-history":[{"count":8,"href":"https:\/\/palletnailingmachines.com\/sv\/wp-json\/wp\/v2\/pages\/7294\/revisions"}],"predecessor-version":[{"id":11872,"href":"https:\/\/palletnailingmachines.com\/sv\/wp-json\/wp\/v2\/pages\/7294\/revisions\/11872"}],"wp:attachment":[{"href":"https:\/\/palletnailingmachines.com\/sv\/wp-json\/wp\/v2\/media?parent=7294"}],"curies":[{"name":"wp","href":"https:\/\/api.w.org\/{rel}","templated":true}]}}